{"id":592,"date":"2022-06-24T12:09:52","date_gmt":"2022-06-24T10:09:21","guid":{"rendered":"https:\/\/www.hotelmozart.fr\/arles-et-sa-region\/"},"modified":"2022-07-20T15:14:17","modified_gmt":"2022-07-20T13:14:17","slug":"hotels-aix-en-provence-city-centre","status":"publish","type":"page","link":"https:\/\/www.hotelmozart.fr\/en\/hotelaix\/hotels-aix-en-provence-city-centre\/","title":{"rendered":"hotels aix en provence city centre"},"content":{"rendered":"<div data-elementor-type=\"wp-post\" data-elementor-id=\"592\" class=\"elementor elementor-592\" data-elementor-post-type=\"page\">\n\t\t\t\t\t\t<section class=\"elementor-section elementor-top-section elementor-element elementor-element-1409e8d0 elementor-section-boxed elementor-section-height-default elementor-section-height-default\" data-id=\"1409e8d0\" data-element_type=\"section\" data-settings=\"{&quot;background_background&quot;:&quot;classic&quot;}\">\n\t\t\t\t\t\t<div class=\"elementor-container elementor-column-gap-default\">\n\t\t\t\t\t<div class=\"elementor-column elementor-col-100 elementor-top-column elementor-element elementor-element-2a918978\" data-id=\"2a918978\" data-element_type=\"column\">\n\t\t\t<div class=\"elementor-widget-wrap elementor-element-populated\">\n\t\t\t\t\t\t<div class=\"elementor-element elementor-element-4fbd470e elementor-widget elementor-widget-heading\" data-id=\"4fbd470e\" data-element_type=\"widget\" data-widget_type=\"heading.default\">\n\t\t\t\t<div class=\"elementor-widget-container\">\n\t\t\t\t\t<h1 class=\"elementor-heading-title elementor-size-default\">Aix en Provence<\/h1>\t\t\t\t<\/div>\n\t\t\t\t<\/div>\n\t\t\t\t\t<\/div>\n\t\t<\/div>\n\t\t\t\t\t<\/div>\n\t\t<\/section>\n\t\t\t\t<section class=\"elementor-section elementor-top-section elementor-element elementor-element-22247938 elementor-reverse-mobile elementor-section-boxed elementor-section-height-default elementor-section-height-default\" data-id=\"22247938\" data-element_type=\"section\" data-settings=\"{&quot;background_background&quot;:&quot;classic&quot;}\">\n\t\t\t\t\t\t<div class=\"elementor-container elementor-column-gap-default\">\n\t\t\t\t\t<div class=\"elementor-column elementor-col-50 elementor-top-column elementor-element elementor-element-298d5396\" data-id=\"298d5396\" data-element_type=\"column\">\n\t\t\t<div class=\"elementor-widget-wrap elementor-element-populated\">\n\t\t\t\t\t\t<div class=\"elementor-element elementor-element-7bdacd9 elementor-widget-divider--view-line elementor-widget elementor-widget-divider\" data-id=\"7bdacd9\" data-element_type=\"widget\" data-widget_type=\"divider.default\">\n\t\t\t\t<div class=\"elementor-widget-container\">\n\t\t\t\t\t\t\t<div class=\"elementor-divider\">\n\t\t\t<span class=\"elementor-divider-separator\">\n\t\t\t\t\t\t<\/span>\n\t\t<\/div>\n\t\t\t\t\t\t<\/div>\n\t\t\t\t<\/div>\n\t\t\t\t<div class=\"elementor-element elementor-element-6ea0900 elementor-widget elementor-widget-heading\" data-id=\"6ea0900\" data-element_type=\"widget\" data-widget_type=\"heading.default\">\n\t\t\t\t<div class=\"elementor-widget-container\">\n\t\t\t\t\t<h2 class=\"elementor-heading-title elementor-size-default\">From the hotel, the city centre is just a stone's throw away!<\/h2>\t\t\t\t<\/div>\n\t\t\t\t<\/div>\n\t\t\t\t<div class=\"elementor-element elementor-element-de1c322 elementor-widget elementor-widget-heading\" data-id=\"de1c322\" data-element_type=\"widget\" data-widget_type=\"heading.default\">\n\t\t\t\t<div class=\"elementor-widget-container\">\n\t\t\t\t\t<h3 class=\"elementor-heading-title elementor-size-default\">Aix en Provence<\/h3>\t\t\t\t<\/div>\n\t\t\t\t<\/div>\n\t\t\t\t<div class=\"elementor-element elementor-element-582e903c animated-fast elementor-invisible elementor-widget elementor-widget-text-editor\" data-id=\"582e903c\" data-element_type=\"widget\" data-settings=\"{&quot;_animation&quot;:&quot;opal-move-up&quot;}\" data-widget_type=\"text-editor.default\">\n\t\t\t\t<div class=\"elementor-widget-container\">\n\t\t\t\t\t\t\t\t\t<p>City of water, city of art and history, university city open to the world, Aix en Provence, criss-crossed by pedestrian streets with richly decorated colourful facades, is an invitation to stroll. The hotel Mozart is one of the hotels in Aix en Provence that will allow you to easily enjoy its pleasant city centre. Terraces of caf\u00e9s and restaurants on the Cours Mirabeau, lively markets under the plane trees of the Place Richelme and Place des Pr\u00eacheurs, shops on the All\u00e9es Proven\u00e7ales and Rue Espariat, fountains and architectural treasures on the Place des Quatre Dauphins and Place d'Albertas, 17th and 18th century private mansions, gardens and parks to relax in (Parc Jourdan, Parc de la Torse just a stone's throw from the hotel, Parc du Jas de Bouffan, Promenade de l'Arc). There is so much to see and do during a stay in one of the hotels in Aix en Provence city centre.<\/p><p>Aix en Provence is a cultural city par excellence, hosting the annual International Festival of Lyric Art and offering the best in music and dance at the Grand Th\u00e9\u00e2tre de Provence and the Pavillon Noir, home to the Ballet Preljocaj.<\/p><p>In Aix-en-Provence, there are many museums and art centres that cannot be ignored. Throughout the year, they host numerous permanent and temporary exhibitions. More than just places of knowledge and sharing, they are sometimes historical buildings, open-air experiences, or architectural works: H\u00f4tel de Caumont - Centre d'Art (the Caf\u00e9 Caumont offers a choice stopover in the heart of the Mazarin district), the Mus\u00e9e Granet (one of the most important museums in the region, labelled a \"Mus\u00e9e de France\"), the Vasarely Foundation and its 44 monumental works, the Pavillon de Vend\u00f4me (the most seductive of the follies inherited from the Grand Si\u00e8cle) or the Bastide du Jas de Bouffan (property of the C\u00e9zanne family).<\/p><p>Our hotel in Aix en Provence with parking invites you to leave your car and set off to conquer the city centre and its exceptional heritage.<\/p>\t\t\t\t\t\t\t\t<\/div>\n\t\t\t\t<\/div>\n\t\t\t\t\t<\/div>\n\t\t<\/div>\n\t\t\t\t<div class=\"elementor-column elementor-col-50 elementor-top-column elementor-element elementor-element-1d9865c2\" data-id=\"1d9865c2\" data-element_type=\"column\">\n\t\t\t<div class=\"elementor-widget-wrap elementor-element-populated\">\n\t\t\t\t\t\t<div class=\"elementor-element elementor-element-14ca458e elementor-widget elementor-widget-image\" data-id=\"14ca458e\" data-element_type=\"widget\" data-widget_type=\"image.default\">\n\t\t\t\t<div class=\"elementor-widget-container\">\n\t\t\t\t\t\t\t\t\t\t\t\t\t\t\t<img decoding=\"async\" src=\"https:\/\/www.hotelmozart.fr\/wp-content\/uploads\/elementor\/thumbs\/aix-en-provence-1-pr12wxn9qskg6tmgzs8nwhgwue6p0hm4cfjpz2lt1c.jpg\" title=\"Fountain of the Rotunda, Aix in Provence, France\" alt=\"Rotunda Fountain in Aix en Provence\" loading=\"lazy\" \/>\t\t\t\t\t\t\t\t\t\t\t\t\t\t\t<\/div>\n\t\t\t\t<\/div>\n\t\t\t\t\t<\/div>\n\t\t<\/div>\n\t\t\t\t\t<\/div>\n\t\t<\/section>\n\t\t\t\t<section class=\"elementor-section elementor-top-section elementor-element elementor-element-7775532 elementor-section-boxed elementor-section-height-default elementor-section-height-default\" data-id=\"7775532\" data-element_type=\"section\">\n\t\t\t\t\t\t<div class=\"elementor-container elementor-column-gap-default\">\n\t\t\t\t\t<div class=\"elementor-column elementor-col-100 elementor-top-column elementor-element elementor-element-2f27bf6\" data-id=\"2f27bf6\" data-element_type=\"column\">\n\t\t\t<div class=\"elementor-widget-wrap elementor-element-populated\">\n\t\t\t\t\t\t<div class=\"elementor-element elementor-element-1be488a elementor-widget__width-initial elementor-cta--skin-classic elementor-animated-content elementor-bg-transform elementor-bg-transform-zoom-in elementor-widget elementor-widget-global elementor-global-1019 elementor-widget-call-to-action\" data-id=\"1be488a\" data-element_type=\"widget\" data-widget_type=\"call-to-action.default\">\n\t\t\t\t<div class=\"elementor-widget-container\">\n\t\t\t\t\t\t\t<a class=\"elementor-cta\" href=\"https:\/\/www.hotelmozart.fr\/en\/hotelaix\/hotels-aix-en-provence\/\">\n\t\t\t\t\t<div class=\"elementor-cta__bg-wrapper\">\n\t\t\t\t<div class=\"elementor-cta__bg elementor-bg\" style=\"background-image: url(https:\/\/www.hotelmozart.fr\/wp-content\/uploads\/2022\/06\/luberon-2-1024x584.jpg);\" role=\"img\" aria-label=\"Vibrant light and shade.  Plateau de Valensole, Provence, France.\"><\/div>\n\t\t\t\t<div class=\"elementor-cta__bg-overlay\"><\/div>\n\t\t\t<\/div>\n\t\t\t\t\t\t\t<div class=\"elementor-cta__content\">\n\t\t\t\t\n\t\t\t\t\t\t\t\t\t<h2 class=\"elementor-cta__title elementor-cta__content-item elementor-content-item\">\n\t\t\t\t\t\tThe Luberon\t\t\t\t\t<\/h2>\n\t\t\t\t\n\t\t\t\t\t\t\t\t\t<div class=\"elementor-cta__description elementor-cta__content-item elementor-content-item\">\n\t\t\t\t\t\tBetween the Alps and the Mediterranean, the Luberon is a must-see destination in Provence. Its perched villages and its natural park offer dreamy landscapes.\t\t\t\t\t<\/div>\n\t\t\t\t\n\t\t\t\t\t\t\t\t\t<div class=\"elementor-cta__button-wrapper elementor-cta__content-item elementor-content-item\">\n\t\t\t\t\t<span class=\"elementor-cta__button elementor-button elementor-size-\">\n\t\t\t\t\t\tDiscover\t\t\t\t\t<\/span>\n\t\t\t\t\t<\/div>\n\t\t\t\t\t\t\t<\/div>\n\t\t\t\t\t\t<\/a>\n\t\t\t\t\t\t<\/div>\n\t\t\t\t<\/div>\n\t\t\t\t<div class=\"elementor-element elementor-element-0997a65 elementor-widget__width-initial elementor-cta--skin-classic elementor-animated-content elementor-bg-transform elementor-bg-transform-zoom-in elementor-widget elementor-widget-global elementor-global-1022 elementor-widget-call-to-action\" data-id=\"0997a65\" data-element_type=\"widget\" data-widget_type=\"call-to-action.default\">\n\t\t\t\t<div class=\"elementor-widget-container\">\n\t\t\t\t\t\t\t<div class=\"elementor-cta\">\n\t\t\t\t\t<div class=\"elementor-cta__bg-wrapper\">\n\t\t\t\t<div class=\"elementor-cta__bg elementor-bg\" style=\"background-image: url(https:\/\/www.hotelmozart.fr\/wp-content\/uploads\/2022\/06\/marseille-1-1024x575.jpg);\" role=\"img\" aria-label=\"High angle view of cityscape by sea. Notre Dame de la Garde in Marseille against clear sky. Buildings by seascape on sunny day.\"><\/div>\n\t\t\t\t<div class=\"elementor-cta__bg-overlay\"><\/div>\n\t\t\t<\/div>\n\t\t\t\t\t\t\t<div class=\"elementor-cta__content\">\n\t\t\t\t\n\t\t\t\t\t\t\t\t\t<h2 class=\"elementor-cta__title elementor-cta__content-item elementor-content-item\">\n\t\t\t\t\t\tMarseille\t\t\t\t\t<\/h2>\n\t\t\t\t\n\t\t\t\t\t\t\t\t\t<div class=\"elementor-cta__description elementor-cta__content-item elementor-content-item\">\n\t\t\t\t\t\t30 km from Aix en Provence, Marseille invites you to travel with its picturesque districts, its Old Port, its beaches, its islands and its creeks...\t\t\t\t\t<\/div>\n\t\t\t\t\n\t\t\t\t\t\t\t\t\t<div class=\"elementor-cta__button-wrapper elementor-cta__content-item elementor-content-item\">\n\t\t\t\t\t<a class=\"elementor-cta__button elementor-button elementor-size-\" href=\"https:\/\/www.hotelmozart.fr\/en\/hotelaix\/aix-en-provence-and-surroundings\/\">\n\t\t\t\t\t\tDiscover\t\t\t\t\t<\/a>\n\t\t\t\t\t<\/div>\n\t\t\t\t\t\t\t<\/div>\n\t\t\t\t\t\t<\/div>\n\t\t\t\t\t\t<\/div>\n\t\t\t\t<\/div>\n\t\t\t\t<div class=\"elementor-element elementor-element-9d2bf38 elementor-widget__width-initial elementor-cta--skin-classic elementor-animated-content elementor-bg-transform elementor-bg-transform-zoom-in elementor-widget elementor-widget-global elementor-global-1025 elementor-widget-call-to-action\" data-id=\"9d2bf38\" data-element_type=\"widget\" data-widget_type=\"call-to-action.default\">\n\t\t\t\t<div class=\"elementor-widget-container\">\n\t\t\t\t\t\t\t<a class=\"elementor-cta\" href=\"https:\/\/www.hotelmozart.fr\/en\/hotelaix\/what-to-visit-in-aix-en-provence\/\">\n\t\t\t\t\t<div class=\"elementor-cta__bg-wrapper\">\n\t\t\t\t<div class=\"elementor-cta__bg elementor-bg\" style=\"background-image: url(https:\/\/www.hotelmozart.fr\/wp-content\/uploads\/2022\/06\/provence-2-1024x683.jpg);\" role=\"img\" aria-label=\"Montagne Sainte-Victoire - a limestone mountain ridge in the south of France close to Aix-en-Provence &quot;n\"><\/div>\n\t\t\t\t<div class=\"elementor-cta__bg-overlay\"><\/div>\n\t\t\t<\/div>\n\t\t\t\t\t\t\t<div class=\"elementor-cta__content\">\n\t\t\t\t\n\t\t\t\t\t\t\t\t\t<h2 class=\"elementor-cta__title elementor-cta__content-item elementor-content-item\">\n\t\t\t\t\t\tLa Provence\t\t\t\t\t<\/h2>\n\t\t\t\t\n\t\t\t\t\t\t\t\t\t<div class=\"elementor-cta__description elementor-cta__content-item elementor-content-item\">\n\t\t\t\t\t\tThe hotel is within easy reach of the A8 motorway, which is a 3-minute drive away, and offers easy access to the main tourist sites of Provence.\t\t\t\t\t<\/div>\n\t\t\t\t\n\t\t\t\t\t\t\t\t\t<div class=\"elementor-cta__button-wrapper elementor-cta__content-item elementor-content-item\">\n\t\t\t\t\t<span class=\"elementor-cta__button elementor-button elementor-size-\">\n\t\t\t\t\t\tDiscover\t\t\t\t\t<\/span>\n\t\t\t\t\t<\/div>\n\t\t\t\t\t\t\t<\/div>\n\t\t\t\t\t\t<\/a>\n\t\t\t\t\t\t<\/div>\n\t\t\t\t<\/div>\n\t\t\t\t\t<\/div>\n\t\t<\/div>\n\t\t\t\t\t<\/div>\n\t\t<\/section>\n\t\t\t\t<\/div>","protected":false},"excerpt":{"rendered":"<p>Aix en Provence From the hotel, the city centre just a stone's throw away! Aix en Provence A city of water, a city of art and history, a university town open to the world, Aix en Provence, criss-crossed by pedestrianised streets with richly decorated colourful facades, is the perfect place for a stroll. The Hotel Mozart is one of the hotels in Aix en Provence that will enable you to [...]<\/p>","protected":false},"author":3,"featured_media":0,"parent":678,"menu_order":3,"comment_status":"closed","ping_status":"closed","template":"elementor_header_footer","meta":{"inline_featured_image":false,"footnotes":""},"class_list":["post-592","page","type-page","status-publish","hentry"],"_links":{"self":[{"href":"https:\/\/www.hotelmozart.fr\/en\/wp-json\/wp\/v2\/pages\/592","targetHints":{"allow":["GET"]}}],"collection":[{"href":"https:\/\/www.hotelmozart.fr\/en\/wp-json\/wp\/v2\/pages"}],"about":[{"href":"https:\/\/www.hotelmozart.fr\/en\/wp-json\/wp\/v2\/types\/page"}],"author":[{"embeddable":true,"href":"https:\/\/www.hotelmozart.fr\/en\/wp-json\/wp\/v2\/users\/3"}],"replies":[{"embeddable":true,"href":"https:\/\/www.hotelmozart.fr\/en\/wp-json\/wp\/v2\/comments?post=592"}],"version-history":[{"count":56,"href":"https:\/\/www.hotelmozart.fr\/en\/wp-json\/wp\/v2\/pages\/592\/revisions"}],"predecessor-version":[{"id":1675,"href":"https:\/\/www.hotelmozart.fr\/en\/wp-json\/wp\/v2\/pages\/592\/revisions\/1675"}],"up":[{"embeddable":true,"href":"https:\/\/www.hotelmozart.fr\/en\/wp-json\/wp\/v2\/pages\/678"}],"wp:attachment":[{"href":"https:\/\/www.hotelmozart.fr\/en\/wp-json\/wp\/v2\/media?parent=592"}],"curies":[{"name":"wp","href":"https:\/\/api.w.org\/{rel}","templated":true}]}}