{"id":586,"date":"2022-06-24T12:09:52","date_gmt":"2022-06-24T10:09:21","guid":{"rendered":"https:\/\/www.hotelmozart.fr\/saintes-maries-de-la-mer\/"},"modified":"2022-07-20T15:13:40","modified_gmt":"2022-07-20T13:13:40","slug":"aix-en-provence-and-surroundings","status":"publish","type":"page","link":"https:\/\/www.hotelmozart.fr\/en\/hotelaix\/aix-en-provence-and-surroundings\/","title":{"rendered":"aix en provence and surroundings"},"content":{"rendered":"<div data-elementor-type=\"wp-post\" data-elementor-id=\"586\" class=\"elementor elementor-586\" data-elementor-post-type=\"page\">\n\t\t\t\t\t\t<section class=\"elementor-section elementor-top-section elementor-element elementor-element-877d544 elementor-section-boxed elementor-section-height-default elementor-section-height-default\" data-id=\"877d544\" data-element_type=\"section\" data-settings=\"{&quot;background_background&quot;:&quot;classic&quot;}\">\n\t\t\t\t\t\t<div class=\"elementor-container elementor-column-gap-default\">\n\t\t\t\t\t<div class=\"elementor-column elementor-col-100 elementor-top-column elementor-element elementor-element-beb0d04\" data-id=\"beb0d04\" data-element_type=\"column\">\n\t\t\t<div class=\"elementor-widget-wrap elementor-element-populated\">\n\t\t\t\t\t\t<div class=\"elementor-element elementor-element-1273a2c elementor-widget elementor-widget-heading\" data-id=\"1273a2c\" data-element_type=\"widget\" data-widget_type=\"heading.default\">\n\t\t\t\t<div class=\"elementor-widget-container\">\n\t\t\t\t\t<h1 class=\"elementor-heading-title elementor-size-default\">Marseille<\/h1>\t\t\t\t<\/div>\n\t\t\t\t<\/div>\n\t\t\t\t\t<\/div>\n\t\t<\/div>\n\t\t\t\t\t<\/div>\n\t\t<\/section>\n\t\t\t\t<section class=\"elementor-section elementor-top-section elementor-element elementor-element-ff5d6a3 elementor-reverse-mobile elementor-section-boxed elementor-section-height-default elementor-section-height-default\" data-id=\"ff5d6a3\" data-element_type=\"section\" data-settings=\"{&quot;background_background&quot;:&quot;classic&quot;}\">\n\t\t\t\t\t\t<div class=\"elementor-container elementor-column-gap-default\">\n\t\t\t\t\t<div class=\"elementor-column elementor-col-50 elementor-top-column elementor-element elementor-element-79ac84d\" data-id=\"79ac84d\" data-element_type=\"column\">\n\t\t\t<div class=\"elementor-widget-wrap elementor-element-populated\">\n\t\t\t\t\t\t<div class=\"elementor-element elementor-element-5b663c5 elementor-widget-divider--view-line elementor-widget elementor-widget-divider\" data-id=\"5b663c5\" data-element_type=\"widget\" data-widget_type=\"divider.default\">\n\t\t\t\t<div class=\"elementor-widget-container\">\n\t\t\t\t\t\t\t<div class=\"elementor-divider\">\n\t\t\t<span class=\"elementor-divider-separator\">\n\t\t\t\t\t\t<\/span>\n\t\t<\/div>\n\t\t\t\t\t\t<\/div>\n\t\t\t\t<\/div>\n\t\t\t\t<div class=\"elementor-element elementor-element-4e1ac94 elementor-widget elementor-widget-heading\" data-id=\"4e1ac94\" data-element_type=\"widget\" data-widget_type=\"heading.default\">\n\t\t\t\t<div class=\"elementor-widget-container\">\n\t\t\t\t\t<h2 class=\"elementor-heading-title elementor-size-default\">Aix en Provence and surroundings<\/h2>\t\t\t\t<\/div>\n\t\t\t\t<\/div>\n\t\t\t\t<div class=\"elementor-element elementor-element-244e73a elementor-widget elementor-widget-heading\" data-id=\"244e73a\" data-element_type=\"widget\" data-widget_type=\"heading.default\">\n\t\t\t\t<div class=\"elementor-widget-container\">\n\t\t\t\t\t<h3 class=\"elementor-heading-title elementor-size-default\">Marseille and its horizons escape<\/h3>\t\t\t\t<\/div>\n\t\t\t\t<\/div>\n\t\t\t\t<div class=\"elementor-element elementor-element-b7f6f4e animated-fast elementor-invisible elementor-widget elementor-widget-text-editor\" data-id=\"b7f6f4e\" data-element_type=\"widget\" data-settings=\"{&quot;_animation&quot;:&quot;opal-move-up&quot;}\" data-widget_type=\"text-editor.default\">\n\t\t\t\t<div class=\"elementor-widget-container\">\n\t\t\t\t\t\t\t\t\t<p>Take advantage of your stay at the Mozart Hotel to discover Aix en Provence and the surrounding area. Marseille, the second oldest city in France, is a huge theatre scene full of colours and flavours! Close to our hotel, 30 km from Aix en Provence, it is an invitation to travel in itself. Baptized Massalia, perfumed with the scents of the Orient, it is a magnificent city, which rises and falls according to its districts, surrounded by pine forests, limestone rocks and scrubland.<\/p><p>A city of art and culture, Marseille has more than one marvel to share with you. With its 26 centuries of existence, it combines tradition and modernity. The must-sees: Notre Dame de la Garde or the \"Good Mother\" as she is known in Marseille, the Canebi\u00e8re, the Old Port with its caf\u00e9s and terraced restaurants, the Panier (the oldest district of Marseille) with its narrow streets and the Vieille Charit\u00e9 museum, the Vallon des Auffes and its charming harbour, the Corniche and its dreamy landscapes overlooking the sea, the Mucem (the museum of European and Mediterranean civilisations), the Fort Saint Jean, the Terrasses du Port, the Estaque and the painters...<\/p><p>For a visit to Marseille that does not stop at the Old Port or the Mucem, a boat trip is compulsory to discover the Frioul Islands and the Ch\u00e2teau d'If, the setting for Alexandre Dumas' novel \"The Count of Monte Cristo\", or the Calanques, marvels of beauty in the turquoise waters of the Mediterranean.<\/p>\t\t\t\t\t\t\t\t<\/div>\n\t\t\t\t<\/div>\n\t\t\t\t\t<\/div>\n\t\t<\/div>\n\t\t\t\t<div class=\"elementor-column elementor-col-50 elementor-top-column elementor-element elementor-element-44526a6\" data-id=\"44526a6\" data-element_type=\"column\">\n\t\t\t<div class=\"elementor-widget-wrap elementor-element-populated\">\n\t\t\t\t\t\t<div class=\"elementor-element elementor-element-91d96be elementor-widget elementor-widget-image\" data-id=\"91d96be\" data-element_type=\"widget\" data-widget_type=\"image.default\">\n\t\t\t\t<div class=\"elementor-widget-container\">\n\t\t\t\t\t\t\t\t\t\t\t\t\t\t\t<img decoding=\"async\" src=\"https:\/\/www.hotelmozart.fr\/wp-content\/uploads\/elementor\/thumbs\/marseille-2-pr12x2cgoyqvsvfn8c9sqya7tbjj2z4s12t5dgeu68.jpg\" title=\"Creeks\" alt=\"Calanques, the famous geological formation between Cassis and Marseille mediterranean coast of France\" loading=\"lazy\" \/>\t\t\t\t\t\t\t\t\t\t\t\t\t\t\t<\/div>\n\t\t\t\t<\/div>\n\t\t\t\t\t<\/div>\n\t\t<\/div>\n\t\t\t\t\t<\/div>\n\t\t<\/section>\n\t\t\t\t<section class=\"elementor-section elementor-top-section elementor-element elementor-element-f94ff19 elementor-section-boxed elementor-section-height-default elementor-section-height-default\" data-id=\"f94ff19\" data-element_type=\"section\">\n\t\t\t\t\t\t<div class=\"elementor-container elementor-column-gap-default\">\n\t\t\t\t\t<div class=\"elementor-column elementor-col-100 elementor-top-column elementor-element elementor-element-234af43\" data-id=\"234af43\" data-element_type=\"column\">\n\t\t\t<div class=\"elementor-widget-wrap elementor-element-populated\">\n\t\t\t\t\t\t<div class=\"elementor-element elementor-element-1a81d0d elementor-widget__width-initial elementor-cta--skin-classic elementor-animated-content elementor-bg-transform elementor-bg-transform-zoom-in elementor-widget elementor-widget-global elementor-global-1038 elementor-widget-call-to-action\" data-id=\"1a81d0d\" data-element_type=\"widget\" data-widget_type=\"call-to-action.default\">\n\t\t\t\t<div class=\"elementor-widget-container\">\n\t\t\t\t\t\t\t<a class=\"elementor-cta\" href=\"https:\/\/www.hotelmozart.fr\/en\/hotelaix\/hotels-aix-en-provence-city-centre\/\">\n\t\t\t\t\t<div class=\"elementor-cta__bg-wrapper\">\n\t\t\t\t<div class=\"elementor-cta__bg elementor-bg\" style=\"background-image: url(https:\/\/www.hotelmozart.fr\/wp-content\/uploads\/2022\/06\/provence-2-1024x683.jpg);\" role=\"img\" aria-label=\"Montagne Sainte-Victoire - a limestone mountain ridge in the south of France close to Aix-en-Provence &quot;n\"><\/div>\n\t\t\t\t<div class=\"elementor-cta__bg-overlay\"><\/div>\n\t\t\t<\/div>\n\t\t\t\t\t\t\t<div class=\"elementor-cta__content\">\n\t\t\t\t\n\t\t\t\t\t\t\t\t\t<h2 class=\"elementor-cta__title elementor-cta__content-item elementor-content-item\">\n\t\t\t\t\t\tAix en Provence\t\t\t\t\t<\/h2>\n\t\t\t\t\n\t\t\t\t\t\t\t\t\t<div class=\"elementor-cta__description elementor-cta__content-item elementor-content-item\">\n\t\t\t\t\t\tAix-en-Provence reveals itself through the elegance of its private mansions, the beauty of its architecture, its fountains and its monuments, witnesses of its prestigious past.\t\t\t\t\t<\/div>\n\t\t\t\t\n\t\t\t\t\t\t\t\t\t<div class=\"elementor-cta__button-wrapper elementor-cta__content-item elementor-content-item\">\n\t\t\t\t\t<span class=\"elementor-cta__button elementor-button elementor-size-\">\n\t\t\t\t\t\tDiscover\t\t\t\t\t<\/span>\n\t\t\t\t\t<\/div>\n\t\t\t\t\t\t\t<\/div>\n\t\t\t\t\t\t<\/a>\n\t\t\t\t\t\t<\/div>\n\t\t\t\t<\/div>\n\t\t\t\t<div class=\"elementor-element elementor-element-6c35d6c elementor-widget__width-initial elementor-cta--skin-classic elementor-animated-content elementor-bg-transform elementor-bg-transform-zoom-in elementor-widget elementor-widget-global elementor-global-1019 elementor-widget-call-to-action\" data-id=\"6c35d6c\" data-element_type=\"widget\" data-widget_type=\"call-to-action.default\">\n\t\t\t\t<div class=\"elementor-widget-container\">\n\t\t\t\t\t\t\t<a class=\"elementor-cta\" href=\"https:\/\/www.hotelmozart.fr\/en\/hotelaix\/hotels-aix-en-provence\/\">\n\t\t\t\t\t<div class=\"elementor-cta__bg-wrapper\">\n\t\t\t\t<div class=\"elementor-cta__bg elementor-bg\" style=\"background-image: url(https:\/\/www.hotelmozart.fr\/wp-content\/uploads\/2022\/06\/luberon-2-1024x584.jpg);\" role=\"img\" aria-label=\"Vibrant light and shade.  Plateau de Valensole, Provence, France.\"><\/div>\n\t\t\t\t<div class=\"elementor-cta__bg-overlay\"><\/div>\n\t\t\t<\/div>\n\t\t\t\t\t\t\t<div class=\"elementor-cta__content\">\n\t\t\t\t\n\t\t\t\t\t\t\t\t\t<h2 class=\"elementor-cta__title elementor-cta__content-item elementor-content-item\">\n\t\t\t\t\t\tThe Luberon\t\t\t\t\t<\/h2>\n\t\t\t\t\n\t\t\t\t\t\t\t\t\t<div class=\"elementor-cta__description elementor-cta__content-item elementor-content-item\">\n\t\t\t\t\t\tBetween the Alps and the Mediterranean, the Luberon is a must-see destination in Provence. Its perched villages and its natural park offer dreamy landscapes.\t\t\t\t\t<\/div>\n\t\t\t\t\n\t\t\t\t\t\t\t\t\t<div class=\"elementor-cta__button-wrapper elementor-cta__content-item elementor-content-item\">\n\t\t\t\t\t<span class=\"elementor-cta__button elementor-button elementor-size-\">\n\t\t\t\t\t\tDiscover\t\t\t\t\t<\/span>\n\t\t\t\t\t<\/div>\n\t\t\t\t\t\t\t<\/div>\n\t\t\t\t\t\t<\/a>\n\t\t\t\t\t\t<\/div>\n\t\t\t\t<\/div>\n\t\t\t\t<div class=\"elementor-element elementor-element-f0d1e9e elementor-widget__width-initial elementor-cta--skin-classic elementor-animated-content elementor-bg-transform elementor-bg-transform-zoom-in elementor-widget elementor-widget-global elementor-global-1025 elementor-widget-call-to-action\" data-id=\"f0d1e9e\" data-element_type=\"widget\" data-widget_type=\"call-to-action.default\">\n\t\t\t\t<div class=\"elementor-widget-container\">\n\t\t\t\t\t\t\t<a class=\"elementor-cta\" href=\"https:\/\/www.hotelmozart.fr\/en\/hotelaix\/what-to-visit-in-aix-en-provence\/\">\n\t\t\t\t\t<div class=\"elementor-cta__bg-wrapper\">\n\t\t\t\t<div class=\"elementor-cta__bg elementor-bg\" style=\"background-image: url(https:\/\/www.hotelmozart.fr\/wp-content\/uploads\/2022\/06\/provence-2-1024x683.jpg);\" role=\"img\" aria-label=\"Montagne Sainte-Victoire - a limestone mountain ridge in the south of France close to Aix-en-Provence &quot;n\"><\/div>\n\t\t\t\t<div class=\"elementor-cta__bg-overlay\"><\/div>\n\t\t\t<\/div>\n\t\t\t\t\t\t\t<div class=\"elementor-cta__content\">\n\t\t\t\t\n\t\t\t\t\t\t\t\t\t<h2 class=\"elementor-cta__title elementor-cta__content-item elementor-content-item\">\n\t\t\t\t\t\tLa Provence\t\t\t\t\t<\/h2>\n\t\t\t\t\n\t\t\t\t\t\t\t\t\t<div class=\"elementor-cta__description elementor-cta__content-item elementor-content-item\">\n\t\t\t\t\t\tThe hotel is within easy reach of the A8 motorway, which is a 3-minute drive away, and offers easy access to the main tourist sites of Provence.\t\t\t\t\t<\/div>\n\t\t\t\t\n\t\t\t\t\t\t\t\t\t<div class=\"elementor-cta__button-wrapper elementor-cta__content-item elementor-content-item\">\n\t\t\t\t\t<span class=\"elementor-cta__button elementor-button elementor-size-\">\n\t\t\t\t\t\tDiscover\t\t\t\t\t<\/span>\n\t\t\t\t\t<\/div>\n\t\t\t\t\t\t\t<\/div>\n\t\t\t\t\t\t<\/a>\n\t\t\t\t\t\t<\/div>\n\t\t\t\t<\/div>\n\t\t\t\t\t<\/div>\n\t\t<\/div>\n\t\t\t\t\t<\/div>\n\t\t<\/section>\n\t\t\t\t<\/div>","protected":false},"excerpt":{"rendered":"<p>Marseille Aix en Provence and the surrounding area Marseille and its horizons escape Make the most of your stay at the Hotel Mozart to discover Aix en Provence and the surrounding area. Marseille, France's second oldest city, is a huge stage full of colour and flavour! Close to our hotel, just 30 minutes from the [...]<\/p>","protected":false},"author":3,"featured_media":0,"parent":678,"menu_order":1,"comment_status":"closed","ping_status":"closed","template":"elementor_header_footer","meta":{"inline_featured_image":false,"footnotes":""},"class_list":["post-586","page","type-page","status-publish","hentry"],"_links":{"self":[{"href":"https:\/\/www.hotelmozart.fr\/en\/wp-json\/wp\/v2\/pages\/586","targetHints":{"allow":["GET"]}}],"collection":[{"href":"https:\/\/www.hotelmozart.fr\/en\/wp-json\/wp\/v2\/pages"}],"about":[{"href":"https:\/\/www.hotelmozart.fr\/en\/wp-json\/wp\/v2\/types\/page"}],"author":[{"embeddable":true,"href":"https:\/\/www.hotelmozart.fr\/en\/wp-json\/wp\/v2\/users\/3"}],"replies":[{"embeddable":true,"href":"https:\/\/www.hotelmozart.fr\/en\/wp-json\/wp\/v2\/comments?post=586"}],"version-history":[{"count":26,"href":"https:\/\/www.hotelmozart.fr\/en\/wp-json\/wp\/v2\/pages\/586\/revisions"}],"predecessor-version":[{"id":1673,"href":"https:\/\/www.hotelmozart.fr\/en\/wp-json\/wp\/v2\/pages\/586\/revisions\/1673"}],"up":[{"embeddable":true,"href":"https:\/\/www.hotelmozart.fr\/en\/wp-json\/wp\/v2\/pages\/678"}],"wp:attachment":[{"href":"https:\/\/www.hotelmozart.fr\/en\/wp-json\/wp\/v2\/media?parent=586"}],"curies":[{"name":"wp","href":"https:\/\/api.w.org\/{rel}","templated":true}]}}